{"id":3,"date":"2018-09-10T11:16:03","date_gmt":"2018-09-10T09:16:03","guid":{"rendered":"http:\/\/ferdinand-roters.de\/?page_id=3"},"modified":"2020-03-30T23:41:13","modified_gmt":"2020-03-30T21:41:13","slug":"datenschutzerklaerung","status":"publish","type":"page","link":"http:\/\/ferdinand-roters.de\/?page_id=3","title":{"rendered":"Ferdinand Roters &#8211; Datenschutz"},"content":{"rendered":"<p>Die Adresse dieser &nbsp;Webseite ist:<\/p>\n<p><a href=\"http:\/\/www.ferdinand-roters.de\">www.ferdinand-roters.de<\/a><\/p>\n<div class=\"page\" title=\"Page 1\">\n<div class=\"section\">\n<div class=\"layoutArea\">\n<div class=\"column\">\n<p>Sehr geehrte Damen und Herren,<\/p>\n<p>Der &nbsp;Schutz Ihrer personenbezogenen Daten ist uns wichtig. Nach der EU-Datenschutzgrundverordnung (DSGVO), Bundesdatenschutzgesetz (BDSG) und Telemediengesetz (TMG) sind wir verpflichtet, Sie dar\u00fcber zu informieren, zu&nbsp;welchem Zweck auf unserer Homepage personenbezogene Daten erhoben und verwendet werden, auf welche Art dies geschieht und welchen Umfang dies hat. Dieser Information k\u00f6nnen Sie auch entnehmen, welche Rechte Sie hinsichtlich des Datenschutzes haben.<\/p>\n<\/div>\n<\/div>\n<\/div>\n<\/div>\n<div class=\"page\" title=\"Page 2\">\n<div class=\"section\">\n<div class=\"layoutArea\">\n<div class=\"column\">\n<p>Datenschutzerkl\u00e4rung<\/p>\n<p>Verantwortlich<\/p>\n<p>Verantwortlich f\u00fcr diese Webseite ist (siehe auch unter Impressum)<\/p>\n<p>Ferdinand Roters,&nbsp;Orkstr. 46,&nbsp;46509 Xanten<\/p>\n<p>1. Bereitstellung der Website und Erstellung von Protokoll- oder Log-Dateien<\/p>\n<p>Diese Internetseite wird bei Host Europe GmbH gehostet.<br \/>\nHost Europe GmbH,&nbsp;Hansestr. 111,&nbsp;51149 K\u00f6ln<\/p>\n<\/div>\n<\/div>\n<\/div>\n<\/div>\n<div class=\"page\" title=\"Page 3\">\n<div class=\"section\">\n<div class=\"layoutArea\">\n<div class=\"column\">\n<p><a href=\"https:\/\/www.hosteurope.de\/\">https:\/\/www.hosteurope.de\/<\/a><\/p>\n<\/div>\n<\/div>\n<div class=\"layoutArea\">\n<div class=\"column\">\n<p>Host Europre empf\u00e4ngt zu diesem Zweck die unten genannten Daten.<\/p>\n<p>Welche Daten werden verarbeitet?<\/p>\n<p>Bei jedem Zugriff auf Inhalte des Internetangebotes werden dort vor\u00fcbergehend Daten \u00fcber sogenannte Protokoll- oder Log-Dateien gespeichert, die m\u00f6glicherweise eine Identifizierung zulassen. Die folgenden Daten werden hierbei erhoben:<\/p>\n<p>&#8211; Datum und Uhrzeit des Abrufs<br \/>\n&#8211; Name des aufgerufenen Internetdienstes, der aufgerufenen Ressource und der verwendeten Aktion<br \/>\n&#8211; Abfrage, die der Client gestellt hat<br \/>\n&#8211; \u00fcbertragene Datenmenge<br \/>\n&#8211; Meldung, ob der Abruf erfolgreich war<br \/>\n&#8211; IP-Adresse des aufrufenden Rechners<br \/>\n&#8211; Clientinformationen (u.a. Browser, Betriebssystem)<\/p>\n<p>Auf welcher Rechtsgrundlage werden diese Daten verarbeitet?<\/p>\n<p>Rechtsgrundlage f\u00fcr die vor\u00fcbergehende Speicherung der Daten ist Art. 6 Abs. 1 lit. e DS-GVO i.V.m. \u00a7 3 Abs. 1 NRWDSAnpUG-EU.<\/p>\n<p>2. Zweck der Datenverarbeitung<\/p>\n<p>Zu welchen Zwecken erfolgt die Verarbeitung?<\/p>\n<p>Die Daten aus den Protokoll- bzw. Logdateien dienen zur Sicherstellung der Funktionsf\u00e4higkeit der Website. Zudem dienen sie zur Abwehr und Analyse von Angriffen. In diesen Zwecken liegt auch unser berechtigtes Interesse an der Datenverarbeitung.<\/p>\n<p>Wie lange werden die Daten gespeichert?<\/p>\n<p>Die Daten werden bis zu 48 Stunden direkt und ausschlie\u00dflich f\u00fcr Administratoren zug\u00e4nglich aufbewahrt. Danach sind sie nur noch indirekt \u00fcber die Rekonstruktion von Sicherungsb\u00e4ndern verf\u00fcgbar und werden nach sechs Wochen endg\u00fcltig gel\u00f6scht.<\/p>\n<\/div>\n<\/div>\n<\/div>\n<\/div>\n<div class=\"page\" title=\"Page 4\">\n<div class=\"section\">\n<div class=\"layoutArea\">\n<div class=\"column\">\n<p>3. Ihre Rechte<\/p>\n<\/div>\n<\/div>\n<div class=\"layoutArea\">\n<div class=\"column\">\n<p>Sie haben das Recht, \u00fcber die Sie betreffenden personenbezogenen Daten Auskunft zu erhalten sowie erteilte Einwilligungen mit Wirkung f\u00fcr die Zukunft zu widerrufen. Auch k\u00f6nnen Sie die Berichtigung unrichtiger Daten verlangen.<\/p>\n<p>Dar\u00fcber hinaus steht Ihnen unter bestimmten Voraussetzungen das Recht auf L\u00f6schung von Daten, das Recht auf Einschr\u00e4nkung der Datenverarbeitung sowie das Recht auf Daten\u00fcbertragbarkeit zu.<\/p>\n<p>Die Verarbeitung Ihrer Daten erfolgt auf Basis von gesetzlichen Regelungen. Nur in Ausnahmef\u00e4llen ben\u00f6tigen wir Ihr Einverst\u00e4ndnis. In diesen F\u00e4llen haben Sie das Recht, die Einwilligung f\u00fcr die zuk\u00fcnftige Verarbeitung zu widerrufen.<\/p>\n<p>Sie haben ferner das Recht, sich bei der zust\u00e4ndigen Aufsichtsbeh\u00f6rde f\u00fcr den Datenschutz zu beschweren, wenn Sie der Ansicht sind, dass die Verarbeitung Ihrer personenbezogenen Daten nicht rechtm\u00e4\u00dfig erfolgt.<\/p>\n<p>Die Anschrift der f\u00fcr uns zust\u00e4ndigen Aufsichtsbeh\u00f6rde lautet:<br \/>\nDie Landesbeauftragte f\u00fcr Datenschutz und Informationsfreiheit NRW (LDI), Kavalleriestra\u00dfe 2-4, 40213 D\u00fcsseldorf, Telefon: 0211\/384240<\/p>\n<p>4. Rechtsgrundlage<\/p>\n<p>Rechtsgrundlage f\u00fcr die Verarbeitung Ihrer Daten ist Artikel 6 Absatz 1 Satz 1 DSGVO. Sollten Sie Fragen haben, k\u00f6nnen Sie sich gern an uns (siehe unter Ziff. 1.) wenden.<\/p>\n<\/div>\n<\/div>\n<\/div>\n<\/div>\n<h2><\/h2>\n","protected":false},"excerpt":{"rendered":"<p>Die Adresse dieser &nbsp;Webseite ist: www.ferdinand-roters.de Sehr geehrte Damen und Herren, Der &nbsp;Schutz Ihrer personenbezogenen Daten ist uns wichtig. Nach der EU-Datenschutzgrundverordnung (DSGVO), Bundesdatenschutzgesetz (BDSG) und Telemediengesetz (TMG) sind wir verpflichtet, Sie dar\u00fcber zu informieren, zu&nbsp;welchem Zweck auf unserer Homepage personenbezogene Daten erhoben und verwendet werden, auf welche Art dies geschieht und welchen Umfang dies &hellip; <a href=\"http:\/\/ferdinand-roters.de\/?page_id=3\" class=\"more-link\"><span class=\"screen-reader-text\">&#8222;Ferdinand Roters &#8211; Datenschutz&#8220; <\/span>weiterlesen<\/a><\/p>\n","protected":false},"author":1,"featured_media":0,"parent":0,"menu_order":0,"comment_status":"closed","ping_status":"open","template":"","meta":[],"_links":{"self":[{"href":"http:\/\/ferdinand-roters.de\/index.php?rest_route=\/wp\/v2\/pages\/3"}],"collection":[{"href":"http:\/\/ferdinand-roters.de\/index.php?rest_route=\/wp\/v2\/pages"}],"about":[{"href":"http:\/\/ferdinand-roters.de\/index.php?rest_route=\/wp\/v2\/types\/page"}],"author":[{"embeddable":true,"href":"http:\/\/ferdinand-roters.de\/index.php?rest_route=\/wp\/v2\/users\/1"}],"replies":[{"embeddable":true,"href":"http:\/\/ferdinand-roters.de\/index.php?rest_route=%2Fwp%2Fv2%2Fcomments&post=3"}],"version-history":[{"count":0,"href":"http:\/\/ferdinand-roters.de\/index.php?rest_route=\/wp\/v2\/pages\/3\/revisions"}],"wp:attachment":[{"href":"http:\/\/ferdinand-roters.de\/index.php?rest_route=%2Fwp%2Fv2%2Fmedia&parent=3"}],"curies":[{"name":"wp","href":"https:\/\/api.w.org\/{rel}","templated":true}]}}